{"id":3132,"date":"2025-04-29T16:17:08","date_gmt":"2025-04-29T20:17:08","guid":{"rendered":"https:\/\/hbls2025stg.wpenginepowered.com\/faire-un-don\/"},"modified":"2025-06-26T13:17:24","modified_gmt":"2025-06-26T17:17:24","slug":"faire-un-don","status":"publish","type":"page","link":"https:\/\/hlbs.ca\/fr\/faire-un-don\/","title":{"rendered":"Faire un don"},"content":{"rendered":"\t\t<div data-elementor-type=\"wp-page\" data-elementor-id=\"3132\" class=\"elementor elementor-3132 elementor-1430\" data-elementor-post-type=\"page\">\n\t\t\t\t<div class=\"elementor-element elementor-element-d82139c e-flex e-con-boxed e-con e-parent\" data-id=\"d82139c\" data-element_type=\"container\" data-e-type=\"container\" data-settings=\"{&quot;background_background&quot;:&quot;classic&quot;}\">\n\t\t\t\t\t<div class=\"e-con-inner\">\n\t\t<div class=\"elementor-element elementor-element-1059535 e-con-full e-flex e-con e-child\" data-id=\"1059535\" data-element_type=\"container\" data-e-type=\"container\">\n\t\t\t\t<div class=\"elementor-element elementor-element-2d69e22 elementor-widget elementor-widget-heading\" data-id=\"2d69e22\" data-element_type=\"widget\" data-e-type=\"widget\" data-widget_type=\"heading.default\">\n\t\t\t\t\t<h1 class=\"elementor-heading-title elementor-size-default\">Faire un don<\/h1>\t\t\t\t<\/div>\n\t\t\t\t<\/div>\n\t\t\t\t\t<\/div>\n\t\t\t\t<\/div>\n\t\t<div class=\"elementor-element elementor-element-bf93272 e-con-full e-flex e-con e-parent\" data-id=\"bf93272\" data-element_type=\"container\" data-e-type=\"container\" data-settings=\"{&quot;background_background&quot;:&quot;classic&quot;}\">\n\t\t<div class=\"elementor-element elementor-element-2ab02b3 e-con-full e-flex e-con e-child\" data-id=\"2ab02b3\" data-element_type=\"container\" data-e-type=\"container\" data-settings=\"{&quot;background_background&quot;:&quot;classic&quot;}\">\n\t\t\t\t<\/div>\n\t\t<div class=\"elementor-element elementor-element-d86f47d e-flex e-con-boxed e-con e-child\" data-id=\"d86f47d\" data-element_type=\"container\" data-e-type=\"container\">\n\t\t\t\t\t<div class=\"e-con-inner\">\n\t\t\t\t<div class=\"elementor-element elementor-element-501e5b8 elementor-widget elementor-widget-heading\" data-id=\"501e5b8\" data-element_type=\"widget\" data-e-type=\"widget\" data-widget_type=\"heading.default\">\n\t\t\t\t\t<h4 class=\"elementor-heading-title elementor-size-default\">Ensemble,<\/h4>\t\t\t\t<\/div>\n\t\t\t\t<div class=\"elementor-element elementor-element-6f11ead elementor-widget elementor-widget-heading\" data-id=\"6f11ead\" data-element_type=\"widget\" data-e-type=\"widget\" data-widget_type=\"heading.default\">\n\t\t\t\t\t<h4 class=\"elementor-heading-title elementor-size-default\">nous faisons la diff\u00e9rence<\/h4>\t\t\t\t<\/div>\n\t\t\t\t<div class=\"elementor-element elementor-element-611a216 elementor-widget elementor-widget-text-editor\" data-id=\"611a216\" data-element_type=\"widget\" data-e-type=\"widget\" data-widget_type=\"text-editor.default\">\n\t\t\t\t\t\t\t\t\t<p>\u00c0 la Soci\u00e9t\u00e9 d&rsquo;entraide des femmes grecques (SEFG), nous savons que le changement commence avec des personnes comme vous. Chaque geste de bont\u00e9, chaque dollar offert, chaque minute de votre temps nous rapproche de notre mission.<\/p><p>Ensemble, nous pouvons construire un monde plus lumineux et plus compatissant pour tous.<\/p>\t\t\t\t\t\t\t\t<\/div>\n\t\t\t\t\t<\/div>\n\t\t\t\t<\/div>\n\t\t\t\t<\/div>\n\t\t<div class=\"elementor-element elementor-element-a377b2d e-con-full e-flex e-con e-parent\" data-id=\"a377b2d\" data-element_type=\"container\" data-e-type=\"container\">\n\t\t<div class=\"elementor-element elementor-element-e6c67c8 e-con-full e-flex e-con e-child\" data-id=\"e6c67c8\" data-element_type=\"container\" data-e-type=\"container\">\n\t\t\t\t<div class=\"elementor-element elementor-element-e60a267 elementor-widget elementor-widget-shortcode\" data-id=\"e60a267\" data-element_type=\"widget\" data-e-type=\"widget\" data-widget_type=\"shortcode.default\">\n\t\t\t\t\t\t\t<div class=\"elementor-shortcode\"><div style=\"position:relative;overflow:hidden;height:1200px;width:100%;\"><iframe title=\"Formulaire de don propuls\u00e9 par Zeffy\" style=\"position: absolute; border: 0; top:0;left:0;bottom:0;right:0;width:100%;height:100%\" src=\"https:\/\/www.zeffy.com\/en-CA\/donation-form\/donate-to-make-a-difference-15300\" allowpaymentrequest=\"\" allowtransparency=\"true\"><\/iframe><\/div><\/div>\n\t\t\t\t\t\t<\/div>\n\t\t\t\t<\/div>\n\t\t\t\t<\/div>\n\t\t\t\t<\/div>\n\t\t","protected":false},"excerpt":{"rendered":"<p>Faire un don Ensemble, nous faisons la diff\u00e9rence \u00c0 la Soci\u00e9t\u00e9 d&rsquo;entraide des femmes grecques (SEFG), nous savons que le changement commence avec des personnes comme vous. Chaque geste de bont\u00e9, chaque dollar offert, chaque minute de votre temps nous rapproche de notre mission. Ensemble, nous pouvons construire un monde plus lumineux et plus compatissant [&hellip;]<\/p>\n","protected":false},"author":1,"featured_media":0,"parent":0,"menu_order":0,"comment_status":"closed","ping_status":"closed","template":"elementor_header_footer","meta":{"footnotes":""},"class_list":["post-3132","page","type-page","status-publish","hentry"],"yoast_head":"<!-- This site is optimized with the Yoast SEO plugin v27.3 - https:\/\/yoast.com\/product\/yoast-seo-wordpress\/ -->\n<title>Faire un don - Hellenic Ladies Benevolent Society<\/title>\n<meta name=\"robots\" content=\"index, follow, max-snippet:-1, max-image-preview:large, max-video-preview:-1\" \/>\n<link rel=\"canonical\" href=\"https:\/\/hlbs.ca\/fr\/faire-un-don\/\" \/>\n<meta property=\"og:locale\" content=\"fr_FR\" \/>\n<meta property=\"og:type\" content=\"article\" \/>\n<meta property=\"og:title\" content=\"Faire un don - Hellenic Ladies Benevolent Society\" \/>\n<meta property=\"og:description\" content=\"Faire un don Ensemble, nous faisons la diff\u00e9rence \u00c0 la Soci\u00e9t\u00e9 d&rsquo;entraide des femmes grecques (SEFG), nous savons que le changement commence avec des personnes comme vous. Chaque geste de bont\u00e9, chaque dollar offert, chaque minute de votre temps nous rapproche de notre mission. Ensemble, nous pouvons construire un monde plus lumineux et plus compatissant [&hellip;]\" \/>\n<meta property=\"og:url\" content=\"https:\/\/hlbs.ca\/fr\/faire-un-don\/\" \/>\n<meta property=\"og:site_name\" content=\"Hellenic Ladies Benevolent Society\" \/>\n<meta property=\"article:publisher\" content=\"https:\/\/www.facebook.com\/groups\/48784083976\" \/>\n<meta property=\"article:modified_time\" content=\"2025-06-26T17:17:24+00:00\" \/>\n<meta name=\"twitter:card\" content=\"summary_large_image\" \/>\n<script type=\"application\/ld+json\" class=\"yoast-schema-graph\">{\"@context\":\"https:\\\/\\\/schema.org\",\"@graph\":[{\"@type\":\"WebPage\",\"@id\":\"https:\\\/\\\/hlbs.ca\\\/fr\\\/faire-un-don\\\/\",\"url\":\"https:\\\/\\\/hlbs.ca\\\/fr\\\/faire-un-don\\\/\",\"name\":\"Faire un don - Hellenic Ladies Benevolent Society\",\"isPartOf\":{\"@id\":\"https:\\\/\\\/hlbs.ca\\\/fr\\\/#website\"},\"datePublished\":\"2025-04-29T20:17:08+00:00\",\"dateModified\":\"2025-06-26T17:17:24+00:00\",\"breadcrumb\":{\"@id\":\"https:\\\/\\\/hlbs.ca\\\/fr\\\/faire-un-don\\\/#breadcrumb\"},\"inLanguage\":\"fr-FR\",\"potentialAction\":[{\"@type\":\"ReadAction\",\"target\":[\"https:\\\/\\\/hlbs.ca\\\/fr\\\/faire-un-don\\\/\"]}]},{\"@type\":\"BreadcrumbList\",\"@id\":\"https:\\\/\\\/hlbs.ca\\\/fr\\\/faire-un-don\\\/#breadcrumb\",\"itemListElement\":[{\"@type\":\"ListItem\",\"position\":1,\"name\":\"Home\",\"item\":\"https:\\\/\\\/hlbs.ca\\\/fr\\\/\"},{\"@type\":\"ListItem\",\"position\":2,\"name\":\"Faire un don\"}]},{\"@type\":\"WebSite\",\"@id\":\"https:\\\/\\\/hlbs.ca\\\/fr\\\/#website\",\"url\":\"https:\\\/\\\/hlbs.ca\\\/fr\\\/\",\"name\":\"Hellenic Ladies Benevolent Society\",\"description\":\"Helping the Hellenic community in the GMA\",\"publisher\":{\"@id\":\"https:\\\/\\\/hlbs.ca\\\/fr\\\/#organization\"},\"potentialAction\":[{\"@type\":\"SearchAction\",\"target\":{\"@type\":\"EntryPoint\",\"urlTemplate\":\"https:\\\/\\\/hlbs.ca\\\/fr\\\/?s={search_term_string}\"},\"query-input\":{\"@type\":\"PropertyValueSpecification\",\"valueRequired\":true,\"valueName\":\"search_term_string\"}}],\"inLanguage\":\"fr-FR\"},{\"@type\":\"Organization\",\"@id\":\"https:\\\/\\\/hlbs.ca\\\/fr\\\/#organization\",\"name\":\"Hellenic Ladies Benevolent Society\",\"url\":\"https:\\\/\\\/hlbs.ca\\\/fr\\\/\",\"logo\":{\"@type\":\"ImageObject\",\"inLanguage\":\"fr-FR\",\"@id\":\"https:\\\/\\\/hlbs.ca\\\/fr\\\/#\\\/schema\\\/logo\\\/image\\\/\",\"url\":\"https:\\\/\\\/hlbs.ca\\\/wp-content\\\/uploads\\\/2025\\\/05\\\/HLBS-Logo.png\",\"contentUrl\":\"https:\\\/\\\/hlbs.ca\\\/wp-content\\\/uploads\\\/2025\\\/05\\\/HLBS-Logo.png\",\"width\":1020,\"height\":255,\"caption\":\"Hellenic Ladies Benevolent Society\"},\"image\":{\"@id\":\"https:\\\/\\\/hlbs.ca\\\/fr\\\/#\\\/schema\\\/logo\\\/image\\\/\"},\"sameAs\":[\"https:\\\/\\\/www.facebook.com\\\/groups\\\/48784083976\",\"https:\\\/\\\/www.instagram.com\\\/hlbsmontreal\\\/\",\"https:\\\/\\\/www.linkedin.com\\\/in\\\/hlbs-montreal-a5a055235\"]}]}<\/script>\n<!-- \/ Yoast SEO plugin. -->","yoast_head_json":{"title":"Faire un don - Hellenic Ladies Benevolent Society","robots":{"index":"index","follow":"follow","max-snippet":"max-snippet:-1","max-image-preview":"max-image-preview:large","max-video-preview":"max-video-preview:-1"},"canonical":"https:\/\/hlbs.ca\/fr\/faire-un-don\/","og_locale":"fr_FR","og_type":"article","og_title":"Faire un don - Hellenic Ladies Benevolent Society","og_description":"Faire un don Ensemble, nous faisons la diff\u00e9rence \u00c0 la Soci\u00e9t\u00e9 d&rsquo;entraide des femmes grecques (SEFG), nous savons que le changement commence avec des personnes comme vous. Chaque geste de bont\u00e9, chaque dollar offert, chaque minute de votre temps nous rapproche de notre mission. Ensemble, nous pouvons construire un monde plus lumineux et plus compatissant [&hellip;]","og_url":"https:\/\/hlbs.ca\/fr\/faire-un-don\/","og_site_name":"Hellenic Ladies Benevolent Society","article_publisher":"https:\/\/www.facebook.com\/groups\/48784083976","article_modified_time":"2025-06-26T17:17:24+00:00","twitter_card":"summary_large_image","schema":{"@context":"https:\/\/schema.org","@graph":[{"@type":"WebPage","@id":"https:\/\/hlbs.ca\/fr\/faire-un-don\/","url":"https:\/\/hlbs.ca\/fr\/faire-un-don\/","name":"Faire un don - Hellenic Ladies Benevolent Society","isPartOf":{"@id":"https:\/\/hlbs.ca\/fr\/#website"},"datePublished":"2025-04-29T20:17:08+00:00","dateModified":"2025-06-26T17:17:24+00:00","breadcrumb":{"@id":"https:\/\/hlbs.ca\/fr\/faire-un-don\/#breadcrumb"},"inLanguage":"fr-FR","potentialAction":[{"@type":"ReadAction","target":["https:\/\/hlbs.ca\/fr\/faire-un-don\/"]}]},{"@type":"BreadcrumbList","@id":"https:\/\/hlbs.ca\/fr\/faire-un-don\/#breadcrumb","itemListElement":[{"@type":"ListItem","position":1,"name":"Home","item":"https:\/\/hlbs.ca\/fr\/"},{"@type":"ListItem","position":2,"name":"Faire un don"}]},{"@type":"WebSite","@id":"https:\/\/hlbs.ca\/fr\/#website","url":"https:\/\/hlbs.ca\/fr\/","name":"Hellenic Ladies Benevolent Society","description":"Helping the Hellenic community in the GMA","publisher":{"@id":"https:\/\/hlbs.ca\/fr\/#organization"},"potentialAction":[{"@type":"SearchAction","target":{"@type":"EntryPoint","urlTemplate":"https:\/\/hlbs.ca\/fr\/?s={search_term_string}"},"query-input":{"@type":"PropertyValueSpecification","valueRequired":true,"valueName":"search_term_string"}}],"inLanguage":"fr-FR"},{"@type":"Organization","@id":"https:\/\/hlbs.ca\/fr\/#organization","name":"Hellenic Ladies Benevolent Society","url":"https:\/\/hlbs.ca\/fr\/","logo":{"@type":"ImageObject","inLanguage":"fr-FR","@id":"https:\/\/hlbs.ca\/fr\/#\/schema\/logo\/image\/","url":"https:\/\/hlbs.ca\/wp-content\/uploads\/2025\/05\/HLBS-Logo.png","contentUrl":"https:\/\/hlbs.ca\/wp-content\/uploads\/2025\/05\/HLBS-Logo.png","width":1020,"height":255,"caption":"Hellenic Ladies Benevolent Society"},"image":{"@id":"https:\/\/hlbs.ca\/fr\/#\/schema\/logo\/image\/"},"sameAs":["https:\/\/www.facebook.com\/groups\/48784083976","https:\/\/www.instagram.com\/hlbsmontreal\/","https:\/\/www.linkedin.com\/in\/hlbs-montreal-a5a055235"]}]}},"_links":{"self":[{"href":"https:\/\/hlbs.ca\/fr\/wp-json\/wp\/v2\/pages\/3132","targetHints":{"allow":["GET"]}}],"collection":[{"href":"https:\/\/hlbs.ca\/fr\/wp-json\/wp\/v2\/pages"}],"about":[{"href":"https:\/\/hlbs.ca\/fr\/wp-json\/wp\/v2\/types\/page"}],"author":[{"embeddable":true,"href":"https:\/\/hlbs.ca\/fr\/wp-json\/wp\/v2\/users\/1"}],"replies":[{"embeddable":true,"href":"https:\/\/hlbs.ca\/fr\/wp-json\/wp\/v2\/comments?post=3132"}],"version-history":[{"count":0,"href":"https:\/\/hlbs.ca\/fr\/wp-json\/wp\/v2\/pages\/3132\/revisions"}],"wp:attachment":[{"href":"https:\/\/hlbs.ca\/fr\/wp-json\/wp\/v2\/media?parent=3132"}],"curies":[{"name":"wp","href":"https:\/\/api.w.org\/{rel}","templated":true}]}}