{"id":3158,"date":"2025-04-10T12:23:11","date_gmt":"2025-04-10T16:23:11","guid":{"rendered":"https:\/\/hbls2025stg.wpenginepowered.com\/simpliquer\/"},"modified":"2025-08-27T13:54:01","modified_gmt":"2025-08-27T17:54:01","slug":"simpliquer","status":"publish","type":"page","link":"https:\/\/hlbs.ca\/fr\/simpliquer\/","title":{"rendered":"S\u2019impliquer"},"content":{"rendered":"\t\t<div data-elementor-type=\"wp-page\" data-elementor-id=\"3158\" class=\"elementor elementor-3158 elementor-970\" data-elementor-post-type=\"page\">\n\t\t\t\t<div class=\"elementor-element elementor-element-3f065cd e-flex e-con-boxed e-con e-parent\" data-id=\"3f065cd\" data-element_type=\"container\" data-e-type=\"container\" data-settings=\"{&quot;background_background&quot;:&quot;classic&quot;}\">\n\t\t\t\t\t<div class=\"e-con-inner\">\n\t\t<div class=\"elementor-element elementor-element-8a5eec9 e-con-full e-flex e-con e-child\" data-id=\"8a5eec9\" data-element_type=\"container\" data-e-type=\"container\">\n\t\t\t\t<div class=\"elementor-element elementor-element-cc585f3 elementor-widget elementor-widget-heading\" data-id=\"cc585f3\" data-element_type=\"widget\" data-e-type=\"widget\" data-widget_type=\"heading.default\">\n\t\t\t\t\t<h1 class=\"elementor-heading-title elementor-size-default\">Participez<\/h1>\t\t\t\t<\/div>\n\t\t\t\t<\/div>\n\t\t\t\t\t<\/div>\n\t\t\t\t<\/div>\n\t\t<div class=\"elementor-element elementor-element-e763cb3 e-con-full e-flex e-con e-parent\" data-id=\"e763cb3\" data-element_type=\"container\" data-e-type=\"container\" data-settings=\"{&quot;background_background&quot;:&quot;classic&quot;}\">\n\t\t<div class=\"elementor-element elementor-element-595e3d8 e-con-full e-flex e-con e-child\" data-id=\"595e3d8\" data-element_type=\"container\" data-e-type=\"container\" data-settings=\"{&quot;background_background&quot;:&quot;classic&quot;}\">\n\t\t\t\t<\/div>\n\t\t<div class=\"elementor-element elementor-element-0ecb746 e-flex e-con-boxed e-con e-child\" data-id=\"0ecb746\" data-element_type=\"container\" data-e-type=\"container\">\n\t\t\t\t\t<div class=\"e-con-inner\">\n\t\t\t\t<div class=\"elementor-element elementor-element-ee0a1b4 elementor-widget elementor-widget-heading\" data-id=\"ee0a1b4\" data-element_type=\"widget\" data-e-type=\"widget\" data-widget_type=\"heading.default\">\n\t\t\t\t\t<h4 class=\"elementor-heading-title elementor-size-default\">Faites partie d\u2019un h\u00e9ritage <\/h4>\t\t\t\t<\/div>\n\t\t\t\t<div class=\"elementor-element elementor-element-0a3fc4a elementor-widget elementor-widget-heading\" data-id=\"0a3fc4a\" data-element_type=\"widget\" data-e-type=\"widget\" data-widget_type=\"heading.default\">\n\t\t\t\t\t<h4 class=\"elementor-heading-title elementor-size-default\">de compassion et de communaut\u00e9<\/h4>\t\t\t\t<\/div>\n\t\t\t\t<div class=\"elementor-element elementor-element-7f2d47c elementor-widget elementor-widget-text-editor\" data-id=\"7f2d47c\" data-element_type=\"widget\" data-e-type=\"widget\" data-widget_type=\"text-editor.default\">\n\t\t\t\t\t\t\t\t\t<p>\u00c0 la SEFG, \u00eatre membre est bien plus qu\u2019un simple titre \u2014 c\u2019est un engagement \u00e0 faire une diff\u00e9rence dans la vie de ceux qui en ont le plus besoin. Alors que nous entamons notre deuxi\u00e8me si\u00e8cle de service, votre participation garantit que nous pourrons continuer notre mission : soutenir les familles, financer l\u2019\u00e9ducation et offrir une aide concr\u00e8te \u00e0 ceux qui en ont besoin.<\/p>\t\t\t\t\t\t\t\t<\/div>\n\t\t\t\t\t<\/div>\n\t\t\t\t<\/div>\n\t\t<div class=\"elementor-element elementor-element-21358f7 e-con-full e-flex e-con e-child\" data-id=\"21358f7\" data-element_type=\"container\" data-e-type=\"container\" data-settings=\"{&quot;background_background&quot;:&quot;classic&quot;}\">\n\t\t\t\t<div class=\"elementor-element elementor-element-1d4b86c elementor-widget elementor-widget-menu-anchor\" data-id=\"1d4b86c\" data-element_type=\"widget\" data-e-type=\"widget\" data-widget_type=\"menu-anchor.default\">\n\t\t\t\t\t\t\t<div class=\"elementor-menu-anchor\" id=\"member\"><\/div>\n\t\t\t\t\t\t<\/div>\n\t\t\t\t<\/div>\n\t\t\t\t<\/div>\n\t\t<div class=\"elementor-element elementor-element-58f560d e-flex e-con-boxed e-con e-parent\" data-id=\"58f560d\" data-element_type=\"container\" data-e-type=\"container\" id=\"membre\" data-settings=\"{&quot;background_background&quot;:&quot;classic&quot;}\">\n\t\t\t\t\t<div class=\"e-con-inner\">\n\t\t<div class=\"elementor-element elementor-element-8b3c63f e-con-full e-flex e-con e-child\" data-id=\"8b3c63f\" data-element_type=\"container\" data-e-type=\"container\">\n\t\t\t\t<div class=\"elementor-element elementor-element-97b8eb7 elementor-widget elementor-widget-heading\" data-id=\"97b8eb7\" data-element_type=\"widget\" data-e-type=\"widget\" data-widget_type=\"heading.default\">\n\t\t\t\t\t<h4 class=\"elementor-heading-title elementor-size-default\">Pourquoi devenir membre\u202f?<\/h4>\t\t\t\t<\/div>\n\t\t\t\t<div class=\"elementor-element elementor-element-7d7c6bc elementor-widget elementor-widget-text-editor\" data-id=\"7d7c6bc\" data-element_type=\"widget\" data-e-type=\"widget\" data-widget_type=\"text-editor.default\">\n\t\t\t\t\t\t\t\t\t<p><strong>Faites partie d\u2019une tradition porteuse de sens<\/strong> \u2013 Joignez-vous \u00e0 une communaut\u00e9 qui soutient la population hell\u00e9nique de Montr\u00e9al depuis plus de 100 ans.<\/p>\t\t\t\t\t\t\t\t<\/div>\n\t\t\t\t<div class=\"elementor-element elementor-element-6bafb07 elementor-widget elementor-widget-text-editor\" data-id=\"6bafb07\" data-element_type=\"widget\" data-e-type=\"widget\" data-widget_type=\"text-editor.default\">\n\t\t\t\t\t\t\t\t\t<p><strong>Participez \u00e0 nos \u00e9v\u00e9nements et initiatives <\/strong>\u2013 Prenez part \u00e0 des campagnes de financement et \u00e9v\u00e9nements sp\u00e9ciaux qui rassemblent autour de causes importantes.<\/p>\t\t\t\t\t\t\t\t<\/div>\n\t\t\t\t<div class=\"elementor-element elementor-element-e4f1dda elementor-widget elementor-widget-text-editor\" data-id=\"e4f1dda\" data-element_type=\"widget\" data-e-type=\"widget\" data-widget_type=\"text-editor.default\">\n\t\t\t\t\t\t\t\t\t<p><strong>Cr\u00e9ez des liens &amp; \u00e9largissez votre r\u00e9seau<\/strong> \u2013 Tissez des amiti\u00e9s durables et des connexions professionnelles avec des personnes anim\u00e9es par les m\u00eames valeurs.<\/p>\t\t\t\t\t\t\t\t<\/div>\n\t\t\t\t<div class=\"elementor-element elementor-element-e13e7ff elementor-widget elementor-widget-text-editor\" data-id=\"e13e7ff\" data-element_type=\"widget\" data-e-type=\"widget\" data-widget_type=\"text-editor.default\">\n\t\t\t\t\t\t\t\t\t<p><strong>Contribuez \u00e0 fa\u00e7onner l\u2019avenir de la SEFG<\/strong> \u2013 En tant que membre, vous avez une voix dans les d\u00e9cisions et l\u2019\u00e9volution de notre organisation.<\/p>\t\t\t\t\t\t\t\t<\/div>\n\t\t\t\t<\/div>\n\t\t\t\t\t<\/div>\n\t\t\t\t<\/div>\n\t\t<div class=\"elementor-element elementor-element-6f2d2c9 e-con-full e-flex e-con e-parent\" data-id=\"6f2d2c9\" data-element_type=\"container\" data-e-type=\"container\" data-settings=\"{&quot;background_background&quot;:&quot;classic&quot;}\">\n\t\t<div class=\"elementor-element elementor-element-39c3702 e-con-full e-flex e-con e-child\" data-id=\"39c3702\" data-element_type=\"container\" data-e-type=\"container\" data-settings=\"{&quot;background_background&quot;:&quot;classic&quot;}\">\n\t\t\t\t<\/div>\n\t\t<div class=\"elementor-element elementor-element-fb4c358 e-flex e-con-boxed e-con e-child\" data-id=\"fb4c358\" data-element_type=\"container\" data-e-type=\"container\">\n\t\t\t\t\t<div class=\"e-con-inner\">\n\t\t\t\t<div class=\"elementor-element elementor-element-966d977 elementor-widget elementor-widget-heading\" data-id=\"966d977\" data-element_type=\"widget\" data-e-type=\"widget\" data-widget_type=\"heading.default\">\n\t\t\t\t\t<h4 class=\"elementor-heading-title elementor-size-default\">Renouvelez ou adh\u00e9rez d\u00e8s aujourd\u2019hui\u202f!<\/h4>\t\t\t\t<\/div>\n\t\t\t\t\t<\/div>\n\t\t\t\t<\/div>\n\t\t<div class=\"elementor-element elementor-element-8507a05 e-flex e-con-boxed e-con e-child\" data-id=\"8507a05\" data-element_type=\"container\" data-e-type=\"container\">\n\t\t\t\t\t<div class=\"e-con-inner\">\n\t\t\t\t<div class=\"elementor-element elementor-element-2ecfb7b elementor-widget elementor-widget-heading\" data-id=\"2ecfb7b\" data-element_type=\"widget\" data-e-type=\"widget\" data-widget_type=\"heading.default\">\n\t\t\t\t\t<h2 class=\"elementor-heading-title elementor-size-default\">Adh\u00e9sion annuelle : 50,00\u202f$<\/h2>\t\t\t\t<\/div>\n\t\t\t\t<div class=\"elementor-element elementor-element-d570e91 elementor-widget elementor-widget-text-editor\" data-id=\"d570e91\" data-element_type=\"widget\" data-e-type=\"widget\" data-widget_type=\"text-editor.default\">\n\t\t\t\t\t\t\t\t\t<p>Que vous renouveliez votre engagement ou que vous deveniez membre pour la premi\u00e8re fois, votre soutien permet \u00e0 la HLBS de continuer \u00e0 offrir des services et de l\u2019aide essentiels.<br><br><\/p>\n<p>Des questions\u202f? Contactez notre comit\u00e9 d\u2019adh\u00e9sion : hellenicladies@hlbs.ca<\/p>\t\t\t\t\t\t\t\t<\/div>\n\t\t<div class=\"elementor-element elementor-element-a6c5268 e-con-full e-flex e-con e-child\" data-id=\"a6c5268\" data-element_type=\"container\" data-e-type=\"container\">\n\t\t\t\t<div class=\"elementor-element elementor-element-8951a3c elementor-widget elementor-widget-text-editor\" data-id=\"8951a3c\" data-element_type=\"widget\" data-e-type=\"widget\" data-widget_type=\"text-editor.default\">\n\t\t\t\t\t\t\t\t\t<p>Devenez membre<\/p>\t\t\t\t\t\t\t\t<\/div>\n\t\t\t\t<div class=\"elementor-element elementor-element-a8d42fb red_circle_button elementor-widget elementor-widget-button\" data-id=\"a8d42fb\" data-element_type=\"widget\" data-e-type=\"widget\" zeffy-form-link=\"https:\/\/www.zeffy.com\/ticketing\/hellenic-ladies-benevolent-society-memberships--2025?modal=true\" data-widget_type=\"button.default\">\n\t\t\t\t\t\t\t\t\t\t<a class=\"elementor-button elementor-size-sm\" role=\"button\">\n\t\t\t\t\t\t<span class=\"elementor-button-content-wrapper\">\n\t\t\t\t\t\t\t\t\t<span class=\"elementor-button-text\">REJOIGNEZ-NOUS<\/span>\n\t\t\t\t\t<\/span>\n\t\t\t\t\t<\/a>\n\t\t\t\t\t\t\t\t<\/div>\n\t\t\t\t<\/div>\n\t\t\t\t\t<\/div>\n\t\t\t\t<\/div>\n\t\t<div class=\"elementor-element elementor-element-69366e9 e-con-full e-flex e-con e-child\" data-id=\"69366e9\" data-element_type=\"container\" data-e-type=\"container\" data-settings=\"{&quot;background_background&quot;:&quot;classic&quot;}\">\n\t\t\t\t<div class=\"elementor-element elementor-element-46f23d1 elementor-widget elementor-widget-menu-anchor\" data-id=\"46f23d1\" data-element_type=\"widget\" data-e-type=\"widget\" data-widget_type=\"menu-anchor.default\">\n\t\t\t\t\t\t\t<div class=\"elementor-menu-anchor\" id=\"others\"><\/div>\n\t\t\t\t\t\t<\/div>\n\t\t\t\t<\/div>\n\t\t\t\t<\/div>\n\t\t<div class=\"elementor-element elementor-element-b03d975 e-flex e-con-boxed e-con e-parent\" data-id=\"b03d975\" data-element_type=\"container\" data-e-type=\"container\" id=\"autres\">\n\t\t\t\t\t<div class=\"e-con-inner\">\n\t\t<div class=\"elementor-element elementor-element-3d469a9 e-con-full e-flex e-con e-child\" data-id=\"3d469a9\" data-element_type=\"container\" data-e-type=\"container\">\n\t\t\t\t<div class=\"elementor-element elementor-element-20fe290 elementor-widget elementor-widget-heading\" data-id=\"20fe290\" data-element_type=\"widget\" data-e-type=\"widget\" data-widget_type=\"heading.default\">\n\t\t\t\t\t<h4 class=\"elementor-heading-title elementor-size-default\">Autres fa\u00e7ons de vous impliquer<\/h4>\t\t\t\t<\/div>\n\t\t\t\t<div class=\"elementor-element elementor-element-7f29c2e elementor-widget elementor-widget-text-editor\" data-id=\"7f29c2e\" data-element_type=\"widget\" data-e-type=\"widget\" data-widget_type=\"text-editor.default\">\n\t\t\t\t\t\t\t\t\t<p>Pas pr\u00eat.e \u00e0 devenir membre\u202f? Il existe plusieurs autres fa\u00e7ons de soutenir la SEFG et de faire une diff\u00e9rence\u202f:<\/p>\t\t\t\t\t\t\t\t<\/div>\n\t\t<div class=\"elementor-element elementor-element-05e9b68 e-con-full e-flex e-con e-child\" data-id=\"05e9b68\" data-element_type=\"container\" data-e-type=\"container\">\n\t\t\t\t<div class=\"elementor-element elementor-element-2b5df31 elementor-widget elementor-widget-text-editor\" data-id=\"2b5df31\" data-element_type=\"widget\" data-e-type=\"widget\" data-widget_type=\"text-editor.default\">\n\t\t\t\t\t\t\t\t\t<p><strong>Offrez de votre temps<\/strong> \u2013 Aidez lors d\u2019\u00e9v\u00e9nements, appuyez les campagnes de financement ou participez \u00e0 des actions communautaires.<\/p>\t\t\t\t\t\t\t\t<\/div>\n\t\t\t\t<div class=\"elementor-element elementor-element-c897810 red_circle_button elementor-widget elementor-widget-button\" data-id=\"c897810\" data-element_type=\"widget\" data-e-type=\"widget\" data-widget_type=\"button.default\">\n\t\t\t\t\t\t\t\t\t\t<a class=\"elementor-button elementor-size-sm\" role=\"button\" id=\"open-volunteer-popup\">\n\t\t\t\t\t\t<span class=\"elementor-button-content-wrapper\">\n\t\t\t\t\t\t\t\t\t<span class=\"elementor-button-text\">B\u00c9N\u00c9VOLAT<\/span>\n\t\t\t\t\t<\/span>\n\t\t\t\t\t<\/a>\n\t\t\t\t\t\t\t\t<\/div>\n\t\t\t\t<div class=\"elementor-element elementor-element-5f71d07 elementor-widget elementor-widget-text-editor\" data-id=\"5f71d07\" data-element_type=\"widget\" data-e-type=\"widget\" data-widget_type=\"text-editor.default\">\n\t\t\t\t\t\t\t\t\t<p><strong>Assistez \u00e0 un \u00e9v\u00e9nement <\/strong>\u2013 Venez nous rejoindre au Gala Ilios, au Radiothon, au d\u00eener de No\u00ebl et plus encore pour soutenir notre mission.<\/p>\t\t\t\t\t\t\t\t<\/div>\n\t\t\t\t<div class=\"elementor-element elementor-element-c96cc38 red_circle_button elementor-widget elementor-widget-button\" data-id=\"c96cc38\" data-element_type=\"widget\" data-e-type=\"widget\" data-widget_type=\"button.default\">\n\t\t\t\t\t\t\t\t\t\t<a class=\"elementor-button elementor-button-link elementor-size-sm\" href=\"https:\/\/hlbs.ca\/fr\/nos-evenements\/\">\n\t\t\t\t\t\t<span class=\"elementor-button-content-wrapper\">\n\t\t\t\t\t\t\t\t\t<span class=\"elementor-button-text\">PARTICIPER<\/span>\n\t\t\t\t\t<\/span>\n\t\t\t\t\t<\/a>\n\t\t\t\t\t\t\t\t<\/div>\n\t\t\t\t<div class=\"elementor-element elementor-element-1f3fca2 elementor-widget elementor-widget-text-editor\" data-id=\"1f3fca2\" data-element_type=\"widget\" data-e-type=\"widget\" data-widget_type=\"text-editor.default\">\n\t\t\t\t\t\t\t\t\t<p><strong>Faites un don<\/strong> \u2013 Chaque contribution, grande ou petite, soutient directement nos programmes.<\/p>\t\t\t\t\t\t\t\t<\/div>\n\t\t\t\t<div class=\"elementor-element elementor-element-7fe4d78 red_circle_button elementor-widget elementor-widget-button\" data-id=\"7fe4d78\" data-element_type=\"widget\" data-e-type=\"widget\" zeffy-form-link=\"https:\/\/www.zeffy.com\/en-CA\/donation-form\/donate-to-make-a-difference-15300\" data-widget_type=\"button.default\">\n\t\t\t\t\t\t\t\t\t\t<a class=\"elementor-button elementor-size-sm\" role=\"button\">\n\t\t\t\t\t\t<span class=\"elementor-button-content-wrapper\">\n\t\t\t\t\t\t\t\t\t<span class=\"elementor-button-text\">FAITES UN DON<\/span>\n\t\t\t\t\t<\/span>\n\t\t\t\t\t<\/a>\n\t\t\t\t\t\t\t\t<\/div>\n\t\t\t\t<div class=\"elementor-element elementor-element-fd459fd elementor-widget elementor-widget-text-editor\" data-id=\"fd459fd\" data-element_type=\"widget\" data-e-type=\"widget\" data-widget_type=\"text-editor.default\">\n\t\t\t\t\t\t\t\t\t<p><strong>Devenez partenaire<\/strong> \u2013 Alignez votre entreprise \u00e0 une cause porteuse de sens et contribuez \u00e0 \u00e9tendre notre impact.<\/p>\t\t\t\t\t\t\t\t<\/div>\n\t\t\t\t<div class=\"elementor-element elementor-element-9a8c539 red_circle_button elementor-widget elementor-widget-button\" data-id=\"9a8c539\" data-element_type=\"widget\" data-e-type=\"widget\" data-widget_type=\"button.default\">\n\t\t\t\t\t\t\t\t\t\t<a class=\"elementor-button elementor-button-link elementor-size-sm\" href=\"https:\/\/hlbs.ca\/fr\/nos-partenaires\/\">\n\t\t\t\t\t\t<span class=\"elementor-button-content-wrapper\">\n\t\t\t\t\t\t\t\t\t<span class=\"elementor-button-text\">SOUTIEN<\/span>\n\t\t\t\t\t<\/span>\n\t\t\t\t\t<\/a>\n\t\t\t\t\t\t\t\t<\/div>\n\t\t\t\t<\/div>\n\t\t\t\t<div class=\"elementor-element elementor-element-f5b348b elementor-widget elementor-widget-text-editor\" data-id=\"f5b348b\" data-element_type=\"widget\" data-e-type=\"widget\" data-widget_type=\"text-editor.default\">\n\t\t\t\t\t\t\t\t\t<p>Int\u00e9ress\u00e9.e\u202f? \u00c9crivez-nous \u00e0 hellenicladies@hlbs.ca<\/p><p>Ensemble, nous pouvons renforcer notre communaut\u00e9, transformer des vies et b\u00e2tir un avenir meilleur. Merci de faire partie de la famille de la SEFG! Merci de faire partie du HLBS !<\/p>\t\t\t\t\t\t\t\t<\/div>\n\t\t\t\t<\/div>\n\t\t\t\t\t<\/div>\n\t\t\t\t<\/div>\n\t\t\t\t<\/div>\n\t\t","protected":false},"excerpt":{"rendered":"<p>Participez Faites partie d\u2019un h\u00e9ritage de compassion et de communaut\u00e9 \u00c0 la SEFG, \u00eatre membre est bien plus qu\u2019un simple titre \u2014 c\u2019est un engagement \u00e0 faire une diff\u00e9rence dans la vie de ceux qui en ont le plus besoin. Alors que nous entamons notre deuxi\u00e8me si\u00e8cle de service, votre participation garantit que nous pourrons [&hellip;]<\/p>\n","protected":false},"author":1,"featured_media":0,"parent":0,"menu_order":0,"comment_status":"closed","ping_status":"closed","template":"elementor_header_footer","meta":{"footnotes":""},"class_list":["post-3158","page","type-page","status-publish","hentry"],"yoast_head":"<!-- This site is optimized with the Yoast SEO plugin v27.3 - https:\/\/yoast.com\/product\/yoast-seo-wordpress\/ -->\n<title>S\u2019impliquer - Hellenic Ladies Benevolent Society<\/title>\n<meta name=\"robots\" content=\"index, follow, max-snippet:-1, max-image-preview:large, max-video-preview:-1\" \/>\n<link rel=\"canonical\" href=\"https:\/\/hlbs.ca\/fr\/simpliquer\/\" \/>\n<meta property=\"og:locale\" content=\"fr_FR\" \/>\n<meta property=\"og:type\" content=\"article\" \/>\n<meta property=\"og:title\" content=\"S\u2019impliquer - Hellenic Ladies Benevolent Society\" \/>\n<meta property=\"og:description\" content=\"Participez Faites partie d\u2019un h\u00e9ritage de compassion et de communaut\u00e9 \u00c0 la SEFG, \u00eatre membre est bien plus qu\u2019un simple titre \u2014 c\u2019est un engagement \u00e0 faire une diff\u00e9rence dans la vie de ceux qui en ont le plus besoin. Alors que nous entamons notre deuxi\u00e8me si\u00e8cle de service, votre participation garantit que nous pourrons [&hellip;]\" \/>\n<meta property=\"og:url\" content=\"https:\/\/hlbs.ca\/fr\/simpliquer\/\" \/>\n<meta property=\"og:site_name\" content=\"Hellenic Ladies Benevolent Society\" \/>\n<meta property=\"article:publisher\" content=\"https:\/\/www.facebook.com\/groups\/48784083976\" \/>\n<meta property=\"article:modified_time\" content=\"2025-08-27T17:54:01+00:00\" \/>\n<meta name=\"twitter:card\" content=\"summary_large_image\" \/>\n<meta name=\"twitter:label1\" content=\"Dur\u00e9e de lecture estim\u00e9e\" \/>\n\t<meta name=\"twitter:data1\" content=\"2 minutes\" \/>\n<script type=\"application\/ld+json\" class=\"yoast-schema-graph\">{\"@context\":\"https:\\\/\\\/schema.org\",\"@graph\":[{\"@type\":\"WebPage\",\"@id\":\"https:\\\/\\\/hlbs.ca\\\/fr\\\/simpliquer\\\/\",\"url\":\"https:\\\/\\\/hlbs.ca\\\/fr\\\/simpliquer\\\/\",\"name\":\"S\u2019impliquer - Hellenic Ladies Benevolent Society\",\"isPartOf\":{\"@id\":\"https:\\\/\\\/hlbs.ca\\\/fr\\\/#website\"},\"datePublished\":\"2025-04-10T16:23:11+00:00\",\"dateModified\":\"2025-08-27T17:54:01+00:00\",\"breadcrumb\":{\"@id\":\"https:\\\/\\\/hlbs.ca\\\/fr\\\/simpliquer\\\/#breadcrumb\"},\"inLanguage\":\"fr-FR\",\"potentialAction\":[{\"@type\":\"ReadAction\",\"target\":[\"https:\\\/\\\/hlbs.ca\\\/fr\\\/simpliquer\\\/\"]}]},{\"@type\":\"BreadcrumbList\",\"@id\":\"https:\\\/\\\/hlbs.ca\\\/fr\\\/simpliquer\\\/#breadcrumb\",\"itemListElement\":[{\"@type\":\"ListItem\",\"position\":1,\"name\":\"Home\",\"item\":\"https:\\\/\\\/hlbs.ca\\\/fr\\\/\"},{\"@type\":\"ListItem\",\"position\":2,\"name\":\"S\u2019impliquer\"}]},{\"@type\":\"WebSite\",\"@id\":\"https:\\\/\\\/hlbs.ca\\\/fr\\\/#website\",\"url\":\"https:\\\/\\\/hlbs.ca\\\/fr\\\/\",\"name\":\"Hellenic Ladies Benevolent Society\",\"description\":\"Helping the Hellenic community in the GMA\",\"publisher\":{\"@id\":\"https:\\\/\\\/hlbs.ca\\\/fr\\\/#organization\"},\"potentialAction\":[{\"@type\":\"SearchAction\",\"target\":{\"@type\":\"EntryPoint\",\"urlTemplate\":\"https:\\\/\\\/hlbs.ca\\\/fr\\\/?s={search_term_string}\"},\"query-input\":{\"@type\":\"PropertyValueSpecification\",\"valueRequired\":true,\"valueName\":\"search_term_string\"}}],\"inLanguage\":\"fr-FR\"},{\"@type\":\"Organization\",\"@id\":\"https:\\\/\\\/hlbs.ca\\\/fr\\\/#organization\",\"name\":\"Hellenic Ladies Benevolent Society\",\"url\":\"https:\\\/\\\/hlbs.ca\\\/fr\\\/\",\"logo\":{\"@type\":\"ImageObject\",\"inLanguage\":\"fr-FR\",\"@id\":\"https:\\\/\\\/hlbs.ca\\\/fr\\\/#\\\/schema\\\/logo\\\/image\\\/\",\"url\":\"https:\\\/\\\/hlbs.ca\\\/wp-content\\\/uploads\\\/2025\\\/05\\\/HLBS-Logo.png\",\"contentUrl\":\"https:\\\/\\\/hlbs.ca\\\/wp-content\\\/uploads\\\/2025\\\/05\\\/HLBS-Logo.png\",\"width\":1020,\"height\":255,\"caption\":\"Hellenic Ladies Benevolent Society\"},\"image\":{\"@id\":\"https:\\\/\\\/hlbs.ca\\\/fr\\\/#\\\/schema\\\/logo\\\/image\\\/\"},\"sameAs\":[\"https:\\\/\\\/www.facebook.com\\\/groups\\\/48784083976\",\"https:\\\/\\\/www.instagram.com\\\/hlbsmontreal\\\/\",\"https:\\\/\\\/www.linkedin.com\\\/in\\\/hlbs-montreal-a5a055235\"]}]}<\/script>\n<!-- \/ Yoast SEO plugin. -->","yoast_head_json":{"title":"S\u2019impliquer - Hellenic Ladies Benevolent Society","robots":{"index":"index","follow":"follow","max-snippet":"max-snippet:-1","max-image-preview":"max-image-preview:large","max-video-preview":"max-video-preview:-1"},"canonical":"https:\/\/hlbs.ca\/fr\/simpliquer\/","og_locale":"fr_FR","og_type":"article","og_title":"S\u2019impliquer - Hellenic Ladies Benevolent Society","og_description":"Participez Faites partie d\u2019un h\u00e9ritage de compassion et de communaut\u00e9 \u00c0 la SEFG, \u00eatre membre est bien plus qu\u2019un simple titre \u2014 c\u2019est un engagement \u00e0 faire une diff\u00e9rence dans la vie de ceux qui en ont le plus besoin. Alors que nous entamons notre deuxi\u00e8me si\u00e8cle de service, votre participation garantit que nous pourrons [&hellip;]","og_url":"https:\/\/hlbs.ca\/fr\/simpliquer\/","og_site_name":"Hellenic Ladies Benevolent Society","article_publisher":"https:\/\/www.facebook.com\/groups\/48784083976","article_modified_time":"2025-08-27T17:54:01+00:00","twitter_card":"summary_large_image","twitter_misc":{"Dur\u00e9e de lecture estim\u00e9e":"2 minutes"},"schema":{"@context":"https:\/\/schema.org","@graph":[{"@type":"WebPage","@id":"https:\/\/hlbs.ca\/fr\/simpliquer\/","url":"https:\/\/hlbs.ca\/fr\/simpliquer\/","name":"S\u2019impliquer - Hellenic Ladies Benevolent Society","isPartOf":{"@id":"https:\/\/hlbs.ca\/fr\/#website"},"datePublished":"2025-04-10T16:23:11+00:00","dateModified":"2025-08-27T17:54:01+00:00","breadcrumb":{"@id":"https:\/\/hlbs.ca\/fr\/simpliquer\/#breadcrumb"},"inLanguage":"fr-FR","potentialAction":[{"@type":"ReadAction","target":["https:\/\/hlbs.ca\/fr\/simpliquer\/"]}]},{"@type":"BreadcrumbList","@id":"https:\/\/hlbs.ca\/fr\/simpliquer\/#breadcrumb","itemListElement":[{"@type":"ListItem","position":1,"name":"Home","item":"https:\/\/hlbs.ca\/fr\/"},{"@type":"ListItem","position":2,"name":"S\u2019impliquer"}]},{"@type":"WebSite","@id":"https:\/\/hlbs.ca\/fr\/#website","url":"https:\/\/hlbs.ca\/fr\/","name":"Hellenic Ladies Benevolent Society","description":"Helping the Hellenic community in the GMA","publisher":{"@id":"https:\/\/hlbs.ca\/fr\/#organization"},"potentialAction":[{"@type":"SearchAction","target":{"@type":"EntryPoint","urlTemplate":"https:\/\/hlbs.ca\/fr\/?s={search_term_string}"},"query-input":{"@type":"PropertyValueSpecification","valueRequired":true,"valueName":"search_term_string"}}],"inLanguage":"fr-FR"},{"@type":"Organization","@id":"https:\/\/hlbs.ca\/fr\/#organization","name":"Hellenic Ladies Benevolent Society","url":"https:\/\/hlbs.ca\/fr\/","logo":{"@type":"ImageObject","inLanguage":"fr-FR","@id":"https:\/\/hlbs.ca\/fr\/#\/schema\/logo\/image\/","url":"https:\/\/hlbs.ca\/wp-content\/uploads\/2025\/05\/HLBS-Logo.png","contentUrl":"https:\/\/hlbs.ca\/wp-content\/uploads\/2025\/05\/HLBS-Logo.png","width":1020,"height":255,"caption":"Hellenic Ladies Benevolent Society"},"image":{"@id":"https:\/\/hlbs.ca\/fr\/#\/schema\/logo\/image\/"},"sameAs":["https:\/\/www.facebook.com\/groups\/48784083976","https:\/\/www.instagram.com\/hlbsmontreal\/","https:\/\/www.linkedin.com\/in\/hlbs-montreal-a5a055235"]}]}},"_links":{"self":[{"href":"https:\/\/hlbs.ca\/fr\/wp-json\/wp\/v2\/pages\/3158","targetHints":{"allow":["GET"]}}],"collection":[{"href":"https:\/\/hlbs.ca\/fr\/wp-json\/wp\/v2\/pages"}],"about":[{"href":"https:\/\/hlbs.ca\/fr\/wp-json\/wp\/v2\/types\/page"}],"author":[{"embeddable":true,"href":"https:\/\/hlbs.ca\/fr\/wp-json\/wp\/v2\/users\/1"}],"replies":[{"embeddable":true,"href":"https:\/\/hlbs.ca\/fr\/wp-json\/wp\/v2\/comments?post=3158"}],"version-history":[{"count":0,"href":"https:\/\/hlbs.ca\/fr\/wp-json\/wp\/v2\/pages\/3158\/revisions"}],"wp:attachment":[{"href":"https:\/\/hlbs.ca\/fr\/wp-json\/wp\/v2\/media?parent=3158"}],"curies":[{"name":"wp","href":"https:\/\/api.w.org\/{rel}","templated":true}]}}