{"id":3501,"date":"2025-07-17T11:42:49","date_gmt":"2025-07-17T15:42:49","guid":{"rendered":"https:\/\/hbls2025.wpenginepowered.com\/conditions-dutilisation\/"},"modified":"2025-07-17T12:45:14","modified_gmt":"2025-07-17T16:45:14","slug":"conditions-dutilisation","status":"publish","type":"page","link":"https:\/\/hlbs.ca\/fr\/conditions-dutilisation\/","title":{"rendered":"Conditions d\u2019utilisation"},"content":{"rendered":"\t\t<div data-elementor-type=\"wp-page\" data-elementor-id=\"3501\" class=\"elementor elementor-3501 elementor-3499\" data-elementor-post-type=\"page\">\n\t\t\t\t<div class=\"elementor-element elementor-element-b398d7c e-con-full e-flex e-con e-parent\" data-id=\"b398d7c\" data-element_type=\"container\" data-e-type=\"container\" data-settings=\"{&quot;background_background&quot;:&quot;classic&quot;}\">\n\t\t<div class=\"elementor-element elementor-element-9613fc4 e-con-full e-flex e-con e-child\" data-id=\"9613fc4\" data-element_type=\"container\" data-e-type=\"container\" data-settings=\"{&quot;background_background&quot;:&quot;classic&quot;}\">\n\t\t\t\t<\/div>\n\t\t<div class=\"elementor-element elementor-element-087b3fd e-flex e-con-boxed e-con e-child\" data-id=\"087b3fd\" data-element_type=\"container\" data-e-type=\"container\" id=\"content\">\n\t\t\t\t\t<div class=\"e-con-inner\">\n\t\t\t\t<div class=\"elementor-element elementor-element-9dfa24e elementor-widget elementor-widget-heading\" data-id=\"9dfa24e\" data-element_type=\"widget\" data-e-type=\"widget\" data-widget_type=\"heading.default\">\n\t\t\t\t\t<h1 class=\"elementor-heading-title elementor-size-default\">Conditions d\u2019utilisation<\/h1>\t\t\t\t<\/div>\n\t\t\t\t<div class=\"elementor-element elementor-element-69f241e elementor-widget elementor-widget-text-editor\" data-id=\"69f241e\" data-element_type=\"widget\" data-e-type=\"widget\" data-widget_type=\"text-editor.default\">\n\t\t\t\t\t\t\t\t\t<p><b>Date d\u2019entr\u00e9e en vigueur : 1er ao\u00fbt 2025<\/b><\/p><p><span style=\"font-weight: 400;\">En acc\u00e9dant au site Web de la SEFG (<\/span><a href=\"http:\/\/www.hlbs.ca\/\"><span style=\"font-weight: 400;\">www.hlbs.ca<\/span><\/a><span style=\"font-weight: 400;\">) et en l\u2019utilisant, vous acceptez d\u2019\u00eatre li\u00e9 par les pr\u00e9sentes conditions d\u2019utilisation.<br><br><\/span><\/p><h3><b>1. Utilisation du site Web<\/b><\/h3><p><span style=\"font-weight: 400;\">Vous vous engagez \u00e0 utiliser ce site uniquement \u00e0 des fins l\u00e9gales. Il vous est interdit de l\u2019utiliser d\u2019une mani\u00e8re qui pourrait l\u2019endommager, le d\u00e9sactiver ou nuire \u00e0 son fonctionnement, ou interf\u00e9rer avec l\u2019utilisation du site par d\u2019autres utilisateurs. <br><br><\/span><\/p><h3><b>2. Propri\u00e9t\u00e9 intellectuelle<\/b><\/h3><p><span style=\"font-weight: 400;\">Tout le contenu de ce site \u2014 y compris les textes, graphiques, logos et images \u2014 est la propri\u00e9t\u00e9 de la SEFG ou de ses fournisseurs de contenu, et est prot\u00e9g\u00e9 par les lois canadiennes et internationales sur le droit d\u2019auteur. Il est interdit de copier, reproduire ou utiliser ce contenu sans autorisation \u00e9crite pr\u00e9alable. <br><br><\/span><\/p><h3><b>3. Liens vers des sites tiers<\/b><\/h3><p><span style=\"font-weight: 400;\">Notre site peut contenir des liens vers des sites externes. La SEFG n\u2019est pas responsable du contenu ni des pratiques en mati\u00e8re de confidentialit\u00e9 de ces sites. <br><br><\/span><\/p><h3><b>4. Avertissement<\/b><\/h3><p><span style=\"font-weight: 400;\">Les informations pr\u00e9sentes sur ce site sont fournies \u00ab telles quelles \u00bb, sans aucune garantie, expresse ou implicite. La SEFG ne garantit pas l\u2019exactitude, l\u2019exhaustivit\u00e9 ou la fiabilit\u00e9 des informations fournies. <br><br><\/span><\/p><h3><b>5. Limitation de responsabilit\u00e9<\/b><\/h3><p><span style=\"font-weight: 400;\">La SEFG ne pourra \u00eatre tenue responsable des dommages d\u00e9coulant de l\u2019utilisation ou de l\u2019impossibilit\u00e9 d\u2019utiliser ce site Web, y compris les dommages directs, indirects, accessoires ou cons\u00e9cutifs.<br><br><\/span><\/p><h3><b>6. Droit applicable<\/b><\/h3><p><span style=\"font-weight: 400;\">Les pr\u00e9sentes conditions d\u2019utilisation sont r\u00e9gies par les lois de la province de Qu\u00e9bec et les lois canadiennes applicables.<br><br><\/span><\/p><h3><b>7. Contact<\/b><\/h3><p><span style=\"font-weight: 400;\">Pour toute question concernant ces conditions d\u2019utilisation, veuillez nous \u00e9crire \u00e0 :<\/span><span style=\"font-weight: 400;\"><br><\/span><a href=\"mailto:hellenicladies@hlbs.ca\"><b>hellenicladies@hlbs.ca<\/b><\/a><\/p>\t\t\t\t\t\t\t\t<\/div>\n\t\t\t\t\t<\/div>\n\t\t\t\t<\/div>\n\t\t\t\t<\/div>\n\t\t\t\t<\/div>\n\t\t","protected":false},"excerpt":{"rendered":"<p>Conditions d\u2019utilisation Date d\u2019entr\u00e9e en vigueur : 1er ao\u00fbt 2025 En acc\u00e9dant au site Web de la SEFG (www.hlbs.ca) et en l\u2019utilisant, vous acceptez d\u2019\u00eatre li\u00e9 par les pr\u00e9sentes conditions d\u2019utilisation. 1. Utilisation du site Web Vous vous engagez \u00e0 utiliser ce site uniquement \u00e0 des fins l\u00e9gales. Il vous est interdit de l\u2019utiliser d\u2019une [&hellip;]<\/p>\n","protected":false},"author":1,"featured_media":0,"parent":0,"menu_order":0,"comment_status":"closed","ping_status":"closed","template":"elementor_header_footer","meta":{"footnotes":""},"class_list":["post-3501","page","type-page","status-publish","hentry"],"yoast_head":"<!-- This site is optimized with the Yoast SEO plugin v27.3 - https:\/\/yoast.com\/product\/yoast-seo-wordpress\/ -->\n<title>Conditions d\u2019utilisation - Hellenic Ladies Benevolent Society<\/title>\n<meta name=\"robots\" content=\"index, follow, max-snippet:-1, max-image-preview:large, max-video-preview:-1\" \/>\n<link rel=\"canonical\" href=\"https:\/\/hlbs.ca\/fr\/conditions-dutilisation\/\" \/>\n<meta property=\"og:locale\" content=\"fr_FR\" \/>\n<meta property=\"og:type\" content=\"article\" \/>\n<meta property=\"og:title\" content=\"Conditions d\u2019utilisation - Hellenic Ladies Benevolent Society\" \/>\n<meta property=\"og:description\" content=\"Conditions d\u2019utilisation Date d\u2019entr\u00e9e en vigueur : 1er ao\u00fbt 2025 En acc\u00e9dant au site Web de la SEFG (www.hlbs.ca) et en l\u2019utilisant, vous acceptez d\u2019\u00eatre li\u00e9 par les pr\u00e9sentes conditions d\u2019utilisation. 1. Utilisation du site Web Vous vous engagez \u00e0 utiliser ce site uniquement \u00e0 des fins l\u00e9gales. Il vous est interdit de l\u2019utiliser d\u2019une [&hellip;]\" \/>\n<meta property=\"og:url\" content=\"https:\/\/hlbs.ca\/fr\/conditions-dutilisation\/\" \/>\n<meta property=\"og:site_name\" content=\"Hellenic Ladies Benevolent Society\" \/>\n<meta property=\"article:publisher\" content=\"https:\/\/www.facebook.com\/groups\/48784083976\" \/>\n<meta property=\"article:modified_time\" content=\"2025-07-17T16:45:14+00:00\" \/>\n<meta name=\"twitter:card\" content=\"summary_large_image\" \/>\n<meta name=\"twitter:label1\" content=\"Dur\u00e9e de lecture estim\u00e9e\" \/>\n\t<meta name=\"twitter:data1\" content=\"2 minutes\" \/>\n<script type=\"application\/ld+json\" class=\"yoast-schema-graph\">{\"@context\":\"https:\\\/\\\/schema.org\",\"@graph\":[{\"@type\":\"WebPage\",\"@id\":\"https:\\\/\\\/hlbs.ca\\\/fr\\\/conditions-dutilisation\\\/\",\"url\":\"https:\\\/\\\/hlbs.ca\\\/fr\\\/conditions-dutilisation\\\/\",\"name\":\"Conditions d\u2019utilisation - Hellenic Ladies Benevolent Society\",\"isPartOf\":{\"@id\":\"https:\\\/\\\/hlbs.ca\\\/fr\\\/#website\"},\"datePublished\":\"2025-07-17T15:42:49+00:00\",\"dateModified\":\"2025-07-17T16:45:14+00:00\",\"breadcrumb\":{\"@id\":\"https:\\\/\\\/hlbs.ca\\\/fr\\\/conditions-dutilisation\\\/#breadcrumb\"},\"inLanguage\":\"fr-FR\",\"potentialAction\":[{\"@type\":\"ReadAction\",\"target\":[\"https:\\\/\\\/hlbs.ca\\\/fr\\\/conditions-dutilisation\\\/\"]}]},{\"@type\":\"BreadcrumbList\",\"@id\":\"https:\\\/\\\/hlbs.ca\\\/fr\\\/conditions-dutilisation\\\/#breadcrumb\",\"itemListElement\":[{\"@type\":\"ListItem\",\"position\":1,\"name\":\"Home\",\"item\":\"https:\\\/\\\/hlbs.ca\\\/fr\\\/\"},{\"@type\":\"ListItem\",\"position\":2,\"name\":\"Conditions d\u2019utilisation\"}]},{\"@type\":\"WebSite\",\"@id\":\"https:\\\/\\\/hlbs.ca\\\/fr\\\/#website\",\"url\":\"https:\\\/\\\/hlbs.ca\\\/fr\\\/\",\"name\":\"Hellenic Ladies Benevolent Society\",\"description\":\"Helping the Hellenic community in the GMA\",\"publisher\":{\"@id\":\"https:\\\/\\\/hlbs.ca\\\/fr\\\/#organization\"},\"potentialAction\":[{\"@type\":\"SearchAction\",\"target\":{\"@type\":\"EntryPoint\",\"urlTemplate\":\"https:\\\/\\\/hlbs.ca\\\/fr\\\/?s={search_term_string}\"},\"query-input\":{\"@type\":\"PropertyValueSpecification\",\"valueRequired\":true,\"valueName\":\"search_term_string\"}}],\"inLanguage\":\"fr-FR\"},{\"@type\":\"Organization\",\"@id\":\"https:\\\/\\\/hlbs.ca\\\/fr\\\/#organization\",\"name\":\"Hellenic Ladies Benevolent Society\",\"url\":\"https:\\\/\\\/hlbs.ca\\\/fr\\\/\",\"logo\":{\"@type\":\"ImageObject\",\"inLanguage\":\"fr-FR\",\"@id\":\"https:\\\/\\\/hlbs.ca\\\/fr\\\/#\\\/schema\\\/logo\\\/image\\\/\",\"url\":\"https:\\\/\\\/hlbs.ca\\\/wp-content\\\/uploads\\\/2025\\\/05\\\/HLBS-Logo.png\",\"contentUrl\":\"https:\\\/\\\/hlbs.ca\\\/wp-content\\\/uploads\\\/2025\\\/05\\\/HLBS-Logo.png\",\"width\":1020,\"height\":255,\"caption\":\"Hellenic Ladies Benevolent Society\"},\"image\":{\"@id\":\"https:\\\/\\\/hlbs.ca\\\/fr\\\/#\\\/schema\\\/logo\\\/image\\\/\"},\"sameAs\":[\"https:\\\/\\\/www.facebook.com\\\/groups\\\/48784083976\",\"https:\\\/\\\/www.instagram.com\\\/hlbsmontreal\\\/\",\"https:\\\/\\\/www.linkedin.com\\\/in\\\/hlbs-montreal-a5a055235\"]}]}<\/script>\n<!-- \/ Yoast SEO plugin. -->","yoast_head_json":{"title":"Conditions d\u2019utilisation - Hellenic Ladies Benevolent Society","robots":{"index":"index","follow":"follow","max-snippet":"max-snippet:-1","max-image-preview":"max-image-preview:large","max-video-preview":"max-video-preview:-1"},"canonical":"https:\/\/hlbs.ca\/fr\/conditions-dutilisation\/","og_locale":"fr_FR","og_type":"article","og_title":"Conditions d\u2019utilisation - Hellenic Ladies Benevolent Society","og_description":"Conditions d\u2019utilisation Date d\u2019entr\u00e9e en vigueur : 1er ao\u00fbt 2025 En acc\u00e9dant au site Web de la SEFG (www.hlbs.ca) et en l\u2019utilisant, vous acceptez d\u2019\u00eatre li\u00e9 par les pr\u00e9sentes conditions d\u2019utilisation. 1. Utilisation du site Web Vous vous engagez \u00e0 utiliser ce site uniquement \u00e0 des fins l\u00e9gales. Il vous est interdit de l\u2019utiliser d\u2019une [&hellip;]","og_url":"https:\/\/hlbs.ca\/fr\/conditions-dutilisation\/","og_site_name":"Hellenic Ladies Benevolent Society","article_publisher":"https:\/\/www.facebook.com\/groups\/48784083976","article_modified_time":"2025-07-17T16:45:14+00:00","twitter_card":"summary_large_image","twitter_misc":{"Dur\u00e9e de lecture estim\u00e9e":"2 minutes"},"schema":{"@context":"https:\/\/schema.org","@graph":[{"@type":"WebPage","@id":"https:\/\/hlbs.ca\/fr\/conditions-dutilisation\/","url":"https:\/\/hlbs.ca\/fr\/conditions-dutilisation\/","name":"Conditions d\u2019utilisation - Hellenic Ladies Benevolent Society","isPartOf":{"@id":"https:\/\/hlbs.ca\/fr\/#website"},"datePublished":"2025-07-17T15:42:49+00:00","dateModified":"2025-07-17T16:45:14+00:00","breadcrumb":{"@id":"https:\/\/hlbs.ca\/fr\/conditions-dutilisation\/#breadcrumb"},"inLanguage":"fr-FR","potentialAction":[{"@type":"ReadAction","target":["https:\/\/hlbs.ca\/fr\/conditions-dutilisation\/"]}]},{"@type":"BreadcrumbList","@id":"https:\/\/hlbs.ca\/fr\/conditions-dutilisation\/#breadcrumb","itemListElement":[{"@type":"ListItem","position":1,"name":"Home","item":"https:\/\/hlbs.ca\/fr\/"},{"@type":"ListItem","position":2,"name":"Conditions d\u2019utilisation"}]},{"@type":"WebSite","@id":"https:\/\/hlbs.ca\/fr\/#website","url":"https:\/\/hlbs.ca\/fr\/","name":"Hellenic Ladies Benevolent Society","description":"Helping the Hellenic community in the GMA","publisher":{"@id":"https:\/\/hlbs.ca\/fr\/#organization"},"potentialAction":[{"@type":"SearchAction","target":{"@type":"EntryPoint","urlTemplate":"https:\/\/hlbs.ca\/fr\/?s={search_term_string}"},"query-input":{"@type":"PropertyValueSpecification","valueRequired":true,"valueName":"search_term_string"}}],"inLanguage":"fr-FR"},{"@type":"Organization","@id":"https:\/\/hlbs.ca\/fr\/#organization","name":"Hellenic Ladies Benevolent Society","url":"https:\/\/hlbs.ca\/fr\/","logo":{"@type":"ImageObject","inLanguage":"fr-FR","@id":"https:\/\/hlbs.ca\/fr\/#\/schema\/logo\/image\/","url":"https:\/\/hlbs.ca\/wp-content\/uploads\/2025\/05\/HLBS-Logo.png","contentUrl":"https:\/\/hlbs.ca\/wp-content\/uploads\/2025\/05\/HLBS-Logo.png","width":1020,"height":255,"caption":"Hellenic Ladies Benevolent Society"},"image":{"@id":"https:\/\/hlbs.ca\/fr\/#\/schema\/logo\/image\/"},"sameAs":["https:\/\/www.facebook.com\/groups\/48784083976","https:\/\/www.instagram.com\/hlbsmontreal\/","https:\/\/www.linkedin.com\/in\/hlbs-montreal-a5a055235"]}]}},"_links":{"self":[{"href":"https:\/\/hlbs.ca\/fr\/wp-json\/wp\/v2\/pages\/3501","targetHints":{"allow":["GET"]}}],"collection":[{"href":"https:\/\/hlbs.ca\/fr\/wp-json\/wp\/v2\/pages"}],"about":[{"href":"https:\/\/hlbs.ca\/fr\/wp-json\/wp\/v2\/types\/page"}],"author":[{"embeddable":true,"href":"https:\/\/hlbs.ca\/fr\/wp-json\/wp\/v2\/users\/1"}],"replies":[{"embeddable":true,"href":"https:\/\/hlbs.ca\/fr\/wp-json\/wp\/v2\/comments?post=3501"}],"version-history":[{"count":0,"href":"https:\/\/hlbs.ca\/fr\/wp-json\/wp\/v2\/pages\/3501\/revisions"}],"wp:attachment":[{"href":"https:\/\/hlbs.ca\/fr\/wp-json\/wp\/v2\/media?parent=3501"}],"curies":[{"name":"wp","href":"https:\/\/api.w.org\/{rel}","templated":true}]}}